{"id":224657,"date":"2025-11-18T14:43:37","date_gmt":"2025-11-18T14:43:37","guid":{"rendered":"https:\/\/arjolle.com\/le-vignoble-de-l-arjolle\/"},"modified":"2026-02-25T16:28:18","modified_gmt":"2026-02-25T16:28:18","slug":"vineyard","status":"publish","type":"page","link":"https:\/\/arjolle.com\/en\/vineyard\/","title":{"rendered":"Vineyard"},"content":{"rendered":"<div class=\"et_pb_section_0 et_pb_section et_section_regular et_block_section et_animated\">\n<div class=\"et_pb_row_0 et_pb_row et_flex_row\">\n<div class=\"et_pb_column_0 et_pb_column et-last-child et_flex_column et_pb_css_mix_blend_mode_passthrough et_flex_column_24_24 et_flex_column_24_24_tablet et_flex_column_24_24_phone\">\n<div class=\"et_pb_image_0 et_pb_image et_flex_column_24_24 et_pb_module et_flex_module\"><span class=\"et_pb_image_wrap\"><img loading=\"lazy\" decoding=\"async\" src=\"https:\/\/arjolle.com\/wp-content\/uploads\/2025\/11\/Notre-vignoble-arjolle-1.jpg\" alt=\"Le vignoble du Domaine de l&#039;Arjolle\" width=\"1600\" height=\"692\" srcset=\"https:\/\/arjolle.com\/wp-content\/uploads\/2025\/11\/Notre-vignoble-arjolle-1.jpg 1600w, https:\/\/arjolle.com\/wp-content\/uploads\/2025\/11\/Notre-vignoble-arjolle-1-1280x554.jpg 1280w, https:\/\/arjolle.com\/wp-content\/uploads\/2025\/11\/Notre-vignoble-arjolle-1-980x424.jpg 980w, https:\/\/arjolle.com\/wp-content\/uploads\/2025\/11\/Notre-vignoble-arjolle-1-480x208.jpg 480w\" sizes=\"(min-width: 0px) and (max-width: 480px) 480px, (min-width: 481px) and (max-width: 980px) 980px, (min-width: 981px) and (max-width: 1280px) 1280px, (min-width: 1281px) 1600px, 100vw\" class=\"wp-image-223273\" \/><\/span><\/div>\n<\/div>\n<\/div>\n<\/div>\n\n<div class=\"et_pb_section_1 et_pb_section et_section_regular et_flex_section\" id=\"noscaves\">\n<div class=\"et_pb_row_1 et_pb_row et_flex_row\">\n<div class=\"et_pb_column_1 et_pb_column et-last-child et_flex_column et_pb_css_mix_blend_mode_passthrough et_flex_column_24_24 et_flex_column_24_24_tablet et_flex_column_24_24_phone\">\n<div class=\"et_pb_text_0 et_pb_text et_pb_bg_layout_light et_pb_module et_flex_module\"><div class=\"et_pb_text_inner\"><h1 style=\"text-align: center;\">The vineyards<\/h1>\n<\/div>\n<div class=\"et_pb_divider_0 et_pb_divider et_pb_space et_pb_divider_position_top et_pb_module et_flex_column_24_24 et_flex_column_24_24_tablet et_flex_column_24_24_phone\"><div class=\"et_pb_divider_internal\"><\/div><\/div>\n<\/div>\n\n<div class=\"et_pb_text_1 et_pb_text et_pb_bg_layout_light et_pb_module et_flex_module\"><div class=\"et_pb_text_inner\"><p>The vineyards of Domaine de l\u2019Arjolle span 110 hectares and are farmed with the utmost care and respect for the environment.<br \/>In 2000 we were certified Terra Vitis, a comprehensive approach to sustainable wine growing recognised by the French Ministry of Agriculture. We believe that environmental, agronomic, economic and human considerations are inseparable, and Terra Vitis is a truly holistic approach that reflects our values.<br \/>Our diverse soils form a rich mosaic, and are perfectly matched to our wide range of grape varieties. Each plot is carefully studied and planted according to its soil type, orientation and natural balance, allowing each variety to express its full potential.<\/p>\n<p>Be it on a plateau, a terrace or in the foothills, each plot is planted with a grape variety suited to the soil type and its exposure. These choices are based on scientific soil analysis, carried out by digging two-metre-deep pits at several points within each plot. Each variety can thus thrive in its ideal location, producing grapes of the highest quality.<br \/>Diversity is the guiding principle at Domaine de l'Arjolle, extending beyond soils to naturally embrace a wide range of grapes. We grow 17 different varieties: Chardonnay, Viognier, Sauvignon Blanc, Sauvignon Gris, Muscat Petits Grains, Grenache Gris, and Roussanne for white grapes; and Syrah, Cabernet Sauvignon, Cabernet Franc, Merlot, Cinsault, Grenache, Chenanson, Marselan, Carm\u00e9n\u00e8re, and Zinfandel for red grapes.<\/p>\n<p>We are also deeply committed to promoting biodiversity and improving the quality of our soils. This voluntary commitment is reflected by actions such as clearing overgrown areas, which has encouraged the return of two species of wild orchid; planting 950 trees and shrubs to support bird and insect habitats; creating three temporary ponds to provide water for this small ecosystem; and maintaining grassed vineyard borders that contribute to the development of flora and fauna. This meticulous work on our estate is demanding,but also deeply rewarding.<\/p>\n<\/div><\/div>\n\n<div class=\"et_pb_image_1 et_pb_image et_pb_module et_flex_module\"><span class=\"et_pb_image_wrap\"><img loading=\"lazy\" decoding=\"async\" src=\"https:\/\/arjolle.com\/wp-content\/uploads\/2025\/11\/vignoble-terra-vitis.jpg\" alt=\"vignoble Terra Vitis\" width=\"1000\" height=\"562\" srcset=\"https:\/\/arjolle.com\/wp-content\/uploads\/2025\/11\/vignoble-terra-vitis.jpg 1000w, https:\/\/arjolle.com\/wp-content\/uploads\/2025\/11\/vignoble-terra-vitis-980x551.jpg 980w, https:\/\/arjolle.com\/wp-content\/uploads\/2025\/11\/vignoble-terra-vitis-480x270.jpg 480w\" sizes=\"(min-width: 0px) and (max-width: 480px) 480px, (min-width: 481px) and (max-width: 980px) 980px, (min-width: 981px) 1000px, 100vw\" class=\"wp-image-223274\" \/><\/span><\/div>\n<\/div>\n<\/div>\n<\/div>\n\n<div class=\"et_pb_section_2 et_pb_section et_section_regular et_flex_section\">\n<div class=\"et_pb_row_2 et_pb_row et_grid_row et_animated\">\n<div class=\"et_pb_column_2 et_pb_column et_flex_column et_pb_css_mix_blend_mode_passthrough et_animated\">\n<div class=\"et_pb_image_2 et_pb_image et_pb_module et_flex_module\" id=\"vignettefamille\"><a href=\"https:\/\/arjolle.com\/en\/the-arjolle-family\/\"><span class=\"et_pb_image_wrap\"><img loading=\"lazy\" decoding=\"async\" src=\"https:\/\/arjolle.com\/wp-content\/uploads\/2025\/11\/famille-domaine-arjolle.jpg\" alt=\"La famille de l&#039;Arjolle\" width=\"651\" height=\"377\" srcset=\"https:\/\/arjolle.com\/wp-content\/uploads\/2025\/11\/famille-domaine-arjolle.jpg 651w, https:\/\/arjolle.com\/wp-content\/uploads\/2025\/11\/famille-domaine-arjolle-480x278.jpg 480w\" sizes=\"(min-width: 0px) and (max-width: 480px) 480px, (min-width: 481px) 651px, 100vw\" class=\"wp-image-23178\" \/><\/span><\/a><\/div>\n\n<div class=\"et_pb_text_2 et_pb_text et_pb_bg_layout_dark et_clickable et_pb_module et_flex_module\"><div class=\"et_pb_text_inner\"><p><a href=\"https:\/\/arjolle.com\/en\/the-arjolle-family\/\" title=\"The Arjolle family\">The Arjolle family<\/a><\/p>\n<\/div><\/div>\n<\/div>\n\n<div class=\"et_pb_column_3 et_pb_column et_flex_column et_pb_css_mix_blend_mode_passthrough et_animated\">\n<div class=\"et_pb_image_3 et_pb_image et_pb_module et_flex_module\" id=\"vignettearjolle\"><a href=\"https:\/\/arjolle.com\/en\/what-is-an-arjolle\/\"><span class=\"et_pb_image_wrap\"><img loading=\"lazy\" decoding=\"async\" src=\"https:\/\/arjolle.com\/wp-content\/uploads\/2025\/11\/Pourquoi-arjolle.jpg\" alt=\"Pourquoi le nom de l&#039;arjolle ?\" width=\"650\" height=\"377\" srcset=\"https:\/\/arjolle.com\/wp-content\/uploads\/2025\/11\/Pourquoi-arjolle.jpg 650w, https:\/\/arjolle.com\/wp-content\/uploads\/2025\/11\/Pourquoi-arjolle-480x278.jpg 480w\" sizes=\"(min-width: 0px) and (max-width: 480px) 480px, (min-width: 481px) 650px, 100vw\" class=\"wp-image-23181\" \/><\/span><\/a><\/div>\n\n<div class=\"et_pb_text_3 et_pb_text et_pb_bg_layout_dark et_clickable et_pb_module et_flex_module\"><div class=\"et_pb_text_inner\"><p><a href=\"https:\/\/arjolle.com\/en\/what-is-an-arjolle\/\" title=\"What is an arjolle?\">What is an arjolle?<\/a><\/p>\n<\/div><\/div>\n<\/div>\n\n<div class=\"et_pb_column_4 et_pb_column et_flex_column et_pb_css_mix_blend_mode_passthrough et_animated et_clickable\">\n<div class=\"et_pb_image_4 et_pb_image et_pb_module et_flex_module\" id=\"vignettegamme\"><a href=\"https:\/\/arjolle.com\/en\/wines\"><span class=\"et_pb_image_wrap\"><img loading=\"lazy\" decoding=\"async\" src=\"https:\/\/arjolle.com\/wp-content\/uploads\/2025\/11\/nos-gammes.jpg\" alt=\"La gamme des vins de l&#039;Arjolle\" width=\"650\" height=\"377\" srcset=\"https:\/\/arjolle.com\/wp-content\/uploads\/2025\/11\/nos-gammes.jpg 650w, https:\/\/arjolle.com\/wp-content\/uploads\/2025\/11\/nos-gammes-480x278.jpg 480w\" sizes=\"(min-width: 0px) and (max-width: 480px) 480px, (min-width: 481px) 650px, 100vw\" class=\"wp-image-23182\" \/><\/span><\/a><\/div>\n\n<div class=\"et_pb_text_4 et_pb_text et_pb_bg_layout_dark et_clickable et_pb_module et_flex_module\"><div class=\"et_pb_text_inner\"><p><a href=\"https:\/\/arjolle.com\/en\/wines\" title=\"Wines\">Wines<\/a><\/p>\n<\/div><\/div>\n<\/div>\n\n<div class=\"et_pb_column_5 et_pb_column et-last-child et_flex_column et_pb_css_mix_blend_mode_passthrough et_animated\">\n<div class=\"et_pb_image_5 et_pb_image et_pb_module et_flex_module\" id=\"vignettevignoble\" title=\"Notre vignoble\"><a href=\"https:\/\/arjolle.com\/en\/vineyard\"><span class=\"et_pb_image_wrap\"><img loading=\"lazy\" decoding=\"async\" src=\"https:\/\/arjolle.com\/wp-content\/uploads\/2025\/11\/vignette-vignoble-arjolle.jpg\" alt=\"Le domaine de l&#039;Arjolle dans l&#039;H\u00e9rault\" width=\"650\" height=\"377\" srcset=\"https:\/\/arjolle.com\/wp-content\/uploads\/2025\/11\/vignette-vignoble-arjolle.jpg 650w, https:\/\/arjolle.com\/wp-content\/uploads\/2025\/11\/vignette-vignoble-arjolle-480x278.jpg 480w\" sizes=\"(min-width: 0px) and (max-width: 480px) 480px, (min-width: 481px) 650px, 100vw\" class=\"wp-image-223314\" \/><\/span><\/a><\/div>\n\n<div class=\"et_pb_text_5 et_pb_text et_pb_bg_layout_dark et_clickable et_pb_module et_flex_module\"><div class=\"et_pb_text_inner\"><p><a href=\"https:\/\/arjolle.com\/en\/vineyard\" title=\"Vineyard\">Vineyard<\/a><\/p>\n<\/div><\/div>\n<\/div>\n<\/div>\n\n<div class=\"et_pb_row_3 et_pb_row et_grid_row et_animated\">\n<div class=\"et_pb_column_6 et_pb_column et_flex_column et_pb_css_mix_blend_mode_passthrough et_animated\">\n<div class=\"et_pb_image_6 et_pb_image et_pb_module et_flex_module\" id=\"vignettecave\"><a href=\"https:\/\/arjolle.com\/en\/winery\"><span class=\"et_pb_image_wrap\"><img loading=\"lazy\" decoding=\"async\" src=\"https:\/\/arjolle.com\/wp-content\/uploads\/2025\/11\/nos-caves.jpg\" alt=\"La cave de l&#039;Arjolle\" width=\"650\" height=\"377\" srcset=\"https:\/\/arjolle.com\/wp-content\/uploads\/2025\/11\/nos-caves.jpg 650w, https:\/\/arjolle.com\/wp-content\/uploads\/2025\/11\/nos-caves-480x278.jpg 480w\" sizes=\"(min-width: 0px) and (max-width: 480px) 480px, (min-width: 481px) 650px, 100vw\" class=\"wp-image-23184\" \/><\/span><\/a><\/div>\n\n<div class=\"et_pb_text_6 et_pb_text et_pb_bg_layout_dark et_clickable et_pb_module et_flex_module\"><div class=\"et_pb_text_inner\"><p><a href=\"https:\/\/arjolle.com\/en\/winery\" title=\"Winery\">Winery<\/a><\/p>\n<\/div><\/div>\n<\/div>\n\n<div class=\"et_pb_column_7 et_pb_column et_flex_column et_pb_css_mix_blend_mode_passthrough et_animated\">\n<div class=\"et_pb_image_7 et_pb_image et_pb_module et_flex_module\" id=\"vignetteinnovation\"><a href=\"https:\/\/arjolle.com\/en\/wine-innovation\"><span class=\"et_pb_image_wrap\"><img loading=\"lazy\" decoding=\"async\" src=\"https:\/\/arjolle.com\/wp-content\/uploads\/2025\/11\/nos-innovations-1.jpg\" alt=\"Les innovations dans le vin sans alcool\" width=\"650\" height=\"377\" srcset=\"https:\/\/arjolle.com\/wp-content\/uploads\/2025\/11\/nos-innovations-1.jpg 650w, https:\/\/arjolle.com\/wp-content\/uploads\/2025\/11\/nos-innovations-1-480x278.jpg 480w\" sizes=\"(min-width: 0px) and (max-width: 480px) 480px, (min-width: 481px) 650px, 100vw\" class=\"wp-image-223257\" \/><\/span><\/a><\/div>\n\n<div class=\"et_pb_text_7 et_pb_text et_pb_bg_layout_dark et_clickable et_pb_module et_flex_module\"><div class=\"et_pb_text_inner\"><p><a href=\"https:\/\/arjolle.com\/en\/wine-innovation\" title=\"Wine Innovation\">Innovation<\/a><\/p>\n<\/div><\/div>\n<\/div>\n\n<div class=\"et_pb_column_8 et_pb_column et_flex_column et_pb_css_mix_blend_mode_passthrough et_animated\">\n<div class=\"et_pb_image_8 et_pb_image et_pb_module et_flex_module\" id=\"vignettecaveau\"><a href=\"https:\/\/arjolle.com\/en\/tasting-room\"><span class=\"et_pb_image_wrap\"><img loading=\"lazy\" decoding=\"async\" src=\"https:\/\/arjolle.com\/wp-content\/uploads\/2025\/11\/notre-caveau.jpg\" alt=\"Notre caveau\" width=\"650\" height=\"377\" srcset=\"https:\/\/arjolle.com\/wp-content\/uploads\/2025\/11\/notre-caveau.jpg 650w, https:\/\/arjolle.com\/wp-content\/uploads\/2025\/11\/notre-caveau-480x278.jpg 480w\" sizes=\"(min-width: 0px) and (max-width: 480px) 480px, (min-width: 481px) 650px, 100vw\" class=\"wp-image-23185\" \/><\/span><\/a><\/div>\n\n<div class=\"et_pb_text_8 et_pb_text et_pb_bg_layout_dark et_clickable et_pb_module et_flex_module\"><div class=\"et_pb_text_inner\"><p><a href=\"https:\/\/arjolle.com\/en\/tasting-room\" title=\"Tasting Room\">Tasting Room<\/a><\/p>\n<\/div><\/div>\n<\/div>\n\n<div class=\"et_pb_column_9 et_pb_column et-last-child et_flex_column et_pb_css_mix_blend_mode_passthrough et_animated\">\n<div class=\"et_pb_image_9 et_pb_image et_pb_module et_flex_module\" id=\"vignetteaufildesans\" title=\"Notre vignoble\"><a href=\"https:\/\/arjolle.com\/en\/through-the-years\/\"><span class=\"et_pb_image_wrap\"><img loading=\"lazy\" decoding=\"async\" src=\"https:\/\/arjolle.com\/wp-content\/uploads\/2025\/11\/au-fil-des-annee-arjolle-1.jpg\" alt=\"L&#039;arjolle au fil des ann\u00e9es\" width=\"650\" height=\"377\" srcset=\"https:\/\/arjolle.com\/wp-content\/uploads\/2025\/11\/au-fil-des-annee-arjolle-1.jpg 650w, https:\/\/arjolle.com\/wp-content\/uploads\/2025\/11\/au-fil-des-annee-arjolle-1-480x278.jpg 480w\" sizes=\"(min-width: 0px) and (max-width: 480px) 480px, (min-width: 481px) 650px, 100vw\" class=\"wp-image-223256\" \/><\/span><\/a><\/div>\n\n<div class=\"et_pb_text_9 et_pb_text et_pb_bg_layout_dark et_clickable et_pb_module et_flex_module\"><div class=\"et_pb_text_inner\"><p><a href=\"https:\/\/arjolle.com\/en\/through-the-years\/\" title=\"Through the Years\">Through the Years<\/a><\/p>\n<\/div><\/div>\n<\/div>\n<\/div>\n<\/div>","protected":false},"excerpt":{"rendered":"<p>The vineyards of Domaine de l\u2019Arjolle span 110 hectares and are farmed with the utmost care and respect for the environment.<br \/>\nVous pourrez y rencontrer la famille de l\u2019Arjolle, apprendre son histoire en mots et en photos, approfondir vos connaissances de la gamme des vins et vins d\u00e9salcoolis\u00e9s, d\u00e9couvrir le domaine de la vigne \u00e0 la cave et surtout partager cette passion qui anime les hommes et les femmes de l\u2019Arjolle.<\/p>\n<p>Tout l\u2019esprit de l\u2019Arjolle traduit sur vos \u00e9crans !<\/p>\n","protected":false},"author":3,"featured_media":224134,"parent":0,"menu_order":11,"comment_status":"closed","ping_status":"closed","template":"","meta":{"footnotes":""},"class_list":["post-224657","page","type-page","status-publish","has-post-thumbnail","hentry"],"yoast_head":"<!-- This site is optimized with the Yoast SEO plugin v27.1.1 - https:\/\/yoast.com\/product\/yoast-seo-wordpress\/ -->\n<title>Vineyard<\/title>\n<meta name=\"description\" content=\"The vineyards of Domaine de l\u2019Arjolle span 110 hectares and are farmed with the utmost care and respect for the environment.\" \/>\n<meta name=\"robots\" content=\"index, follow, max-snippet:-1, max-image-preview:large, max-video-preview:-1\" \/>\n<link rel=\"canonical\" href=\"https:\/\/arjolle.com\/en\/vineyard\/\" \/>\n<meta property=\"og:locale\" content=\"en_US\" \/>\n<meta property=\"og:type\" content=\"article\" \/>\n<meta property=\"og:title\" content=\"Vineyard\" \/>\n<meta property=\"og:description\" content=\"The vineyards of Domaine de l\u2019Arjolle span 110 hectares and are farmed with the utmost care and respect for the environment.\" \/>\n<meta property=\"og:url\" content=\"https:\/\/arjolle.com\/en\/vineyard\/\" \/>\n<meta property=\"og:site_name\" content=\"Domaine de l&#039;Arjolle - Caveau de d\u00e9gustation &amp; vente en ligne\" \/>\n<meta property=\"article:publisher\" content=\"https:\/\/www.facebook.com\/domainede.larjolle\/\" \/>\n<meta property=\"article:modified_time\" content=\"2026-02-25T16:28:18+00:00\" \/>\n<meta property=\"og:image\" content=\"https:\/\/arjolle.com\/wp-content\/uploads\/2025\/11\/Notre-vignoble-arjolle-1.jpg\" \/>\n\t<meta property=\"og:image:width\" content=\"1600\" \/>\n\t<meta property=\"og:image:height\" content=\"692\" \/>\n\t<meta property=\"og:image:type\" content=\"image\/jpeg\" \/>\n<meta name=\"twitter:label1\" content=\"Est. reading time\" \/>\n\t<meta name=\"twitter:data1\" content=\"1 minute\" \/>\n<script type=\"application\/ld+json\" class=\"yoast-schema-graph\">{\"@context\":\"https:\/\/schema.org\",\"@graph\":[{\"@type\":\"WebPage\",\"@id\":\"https:\/\/arjolle.com\/en\/vineyard\/\",\"url\":\"https:\/\/arjolle.com\/en\/vineyard\/\",\"name\":\"Vineyard\",\"isPartOf\":{\"@id\":\"https:\/\/arjolle.com\/en\/#website\"},\"primaryImageOfPage\":{\"@id\":\"https:\/\/arjolle.com\/en\/vineyard\/#primaryimage\"},\"image\":{\"@id\":\"https:\/\/arjolle.com\/en\/vineyard\/#primaryimage\"},\"thumbnailUrl\":\"https:\/\/arjolle.com\/wp-content\/uploads\/2025\/11\/Notre-vignoble-arjolle-1.jpg\",\"datePublished\":\"2025-11-18T14:43:37+00:00\",\"dateModified\":\"2026-02-25T16:28:18+00:00\",\"description\":\"The vineyards of Domaine de l\u2019Arjolle span 110 hectares and are farmed with the utmost care and respect for the environment.\",\"breadcrumb\":{\"@id\":\"https:\/\/arjolle.com\/en\/vineyard\/#breadcrumb\"},\"inLanguage\":\"en-US\",\"potentialAction\":[{\"@type\":\"ReadAction\",\"target\":[\"https:\/\/arjolle.com\/en\/vineyard\/\"]}]},{\"@type\":\"ImageObject\",\"inLanguage\":\"en-US\",\"@id\":\"https:\/\/arjolle.com\/en\/vineyard\/#primaryimage\",\"url\":\"https:\/\/arjolle.com\/wp-content\/uploads\/2025\/11\/Notre-vignoble-arjolle-1.jpg\",\"contentUrl\":\"https:\/\/arjolle.com\/wp-content\/uploads\/2025\/11\/Notre-vignoble-arjolle-1.jpg\",\"width\":1600,\"height\":692,\"caption\":\"Le vignoble du Domaine de l'Arjolle\"},{\"@type\":\"BreadcrumbList\",\"@id\":\"https:\/\/arjolle.com\/en\/vineyard\/#breadcrumb\",\"itemListElement\":[{\"@type\":\"ListItem\",\"position\":1,\"name\":\"Home\",\"item\":\"https:\/\/arjolle.com\/en\/\"},{\"@type\":\"ListItem\",\"position\":2,\"name\":\"Vineyard\"}]},{\"@type\":\"WebSite\",\"@id\":\"https:\/\/arjolle.com\/en\/#website\",\"url\":\"https:\/\/arjolle.com\/en\/\",\"name\":\"Domaine de l'Arjolle - Caveau de d\u00e9gustation & vente en ligne\",\"description\":\"Le Domaine de l\u2019Arjolle est un pionnier en Languedoc en plantant des c\u00e9pages atypique.\",\"publisher\":{\"@id\":\"https:\/\/arjolle.com\/en\/#organization\"},\"potentialAction\":[{\"@type\":\"SearchAction\",\"target\":{\"@type\":\"EntryPoint\",\"urlTemplate\":\"https:\/\/arjolle.com\/en\/?s={search_term_string}\"},\"query-input\":{\"@type\":\"PropertyValueSpecification\",\"valueRequired\":true,\"valueName\":\"search_term_string\"}}],\"inLanguage\":\"en-US\"},{\"@type\":\"Organization\",\"@id\":\"https:\/\/arjolle.com\/en\/#organization\",\"name\":\"Domaine de l'Arjolle\",\"url\":\"https:\/\/arjolle.com\/en\/\",\"logo\":{\"@type\":\"ImageObject\",\"inLanguage\":\"en-US\",\"@id\":\"https:\/\/arjolle.com\/en\/#\/schema\/logo\/image\/\",\"url\":\"https:\/\/arjolle.com\/wp-content\/uploads\/2025\/11\/logo-domaine-arjolle-1-1.jpg\",\"contentUrl\":\"https:\/\/arjolle.com\/wp-content\/uploads\/2025\/11\/logo-domaine-arjolle-1-1.jpg\",\"width\":512,\"height\":512,\"caption\":\"Domaine de l'Arjolle\"},\"image\":{\"@id\":\"https:\/\/arjolle.com\/en\/#\/schema\/logo\/image\/\"},\"sameAs\":[\"https:\/\/www.facebook.com\/domainede.larjolle\/\",\"https:\/\/www.instagram.com\/domaine_arjolle\/\"]}]}<\/script>\n<!-- \/ Yoast SEO plugin. -->","yoast_head_json":{"title":"Vineyard","description":"The vineyards of Domaine de l\u2019Arjolle span 110 hectares and are farmed with the utmost care and respect for the environment.","robots":{"index":"index","follow":"follow","max-snippet":"max-snippet:-1","max-image-preview":"max-image-preview:large","max-video-preview":"max-video-preview:-1"},"canonical":"https:\/\/arjolle.com\/en\/vineyard\/","og_locale":"en_US","og_type":"article","og_title":"Vineyard","og_description":"The vineyards of Domaine de l\u2019Arjolle span 110 hectares and are farmed with the utmost care and respect for the environment.","og_url":"https:\/\/arjolle.com\/en\/vineyard\/","og_site_name":"Domaine de l&#039;Arjolle - Caveau de d\u00e9gustation &amp; vente en ligne","article_publisher":"https:\/\/www.facebook.com\/domainede.larjolle\/","article_modified_time":"2026-02-25T16:28:18+00:00","og_image":[{"width":1600,"height":692,"url":"https:\/\/arjolle.com\/wp-content\/uploads\/2025\/11\/Notre-vignoble-arjolle-1.jpg","type":"image\/jpeg"}],"twitter_misc":{"Est. reading time":"1 minute"},"schema":{"@context":"https:\/\/schema.org","@graph":[{"@type":"WebPage","@id":"https:\/\/arjolle.com\/en\/vineyard\/","url":"https:\/\/arjolle.com\/en\/vineyard\/","name":"Vineyard","isPartOf":{"@id":"https:\/\/arjolle.com\/en\/#website"},"primaryImageOfPage":{"@id":"https:\/\/arjolle.com\/en\/vineyard\/#primaryimage"},"image":{"@id":"https:\/\/arjolle.com\/en\/vineyard\/#primaryimage"},"thumbnailUrl":"https:\/\/arjolle.com\/wp-content\/uploads\/2025\/11\/Notre-vignoble-arjolle-1.jpg","datePublished":"2025-11-18T14:43:37+00:00","dateModified":"2026-02-25T16:28:18+00:00","description":"The vineyards of Domaine de l\u2019Arjolle span 110 hectares and are farmed with the utmost care and respect for the environment.","breadcrumb":{"@id":"https:\/\/arjolle.com\/en\/vineyard\/#breadcrumb"},"inLanguage":"en-US","potentialAction":[{"@type":"ReadAction","target":["https:\/\/arjolle.com\/en\/vineyard\/"]}]},{"@type":"ImageObject","inLanguage":"en-US","@id":"https:\/\/arjolle.com\/en\/vineyard\/#primaryimage","url":"https:\/\/arjolle.com\/wp-content\/uploads\/2025\/11\/Notre-vignoble-arjolle-1.jpg","contentUrl":"https:\/\/arjolle.com\/wp-content\/uploads\/2025\/11\/Notre-vignoble-arjolle-1.jpg","width":1600,"height":692,"caption":"Le vignoble du Domaine de l'Arjolle"},{"@type":"BreadcrumbList","@id":"https:\/\/arjolle.com\/en\/vineyard\/#breadcrumb","itemListElement":[{"@type":"ListItem","position":1,"name":"Home","item":"https:\/\/arjolle.com\/en\/"},{"@type":"ListItem","position":2,"name":"Vineyard"}]},{"@type":"WebSite","@id":"https:\/\/arjolle.com\/en\/#website","url":"https:\/\/arjolle.com\/en\/","name":"Domaine de l'Arjolle - Caveau de d\u00e9gustation & vente en ligne","description":"Le Domaine de l\u2019Arjolle est un pionnier en Languedoc en plantant des c\u00e9pages atypique.","publisher":{"@id":"https:\/\/arjolle.com\/en\/#organization"},"potentialAction":[{"@type":"SearchAction","target":{"@type":"EntryPoint","urlTemplate":"https:\/\/arjolle.com\/en\/?s={search_term_string}"},"query-input":{"@type":"PropertyValueSpecification","valueRequired":true,"valueName":"search_term_string"}}],"inLanguage":"en-US"},{"@type":"Organization","@id":"https:\/\/arjolle.com\/en\/#organization","name":"Domaine de l'Arjolle","url":"https:\/\/arjolle.com\/en\/","logo":{"@type":"ImageObject","inLanguage":"en-US","@id":"https:\/\/arjolle.com\/en\/#\/schema\/logo\/image\/","url":"https:\/\/arjolle.com\/wp-content\/uploads\/2025\/11\/logo-domaine-arjolle-1-1.jpg","contentUrl":"https:\/\/arjolle.com\/wp-content\/uploads\/2025\/11\/logo-domaine-arjolle-1-1.jpg","width":512,"height":512,"caption":"Domaine de l'Arjolle"},"image":{"@id":"https:\/\/arjolle.com\/en\/#\/schema\/logo\/image\/"},"sameAs":["https:\/\/www.facebook.com\/domainede.larjolle\/","https:\/\/www.instagram.com\/domaine_arjolle\/"]}]}},"_links":{"self":[{"href":"https:\/\/arjolle.com\/en\/wp-json\/wp\/v2\/pages\/224657","targetHints":{"allow":["GET"]}}],"collection":[{"href":"https:\/\/arjolle.com\/en\/wp-json\/wp\/v2\/pages"}],"about":[{"href":"https:\/\/arjolle.com\/en\/wp-json\/wp\/v2\/types\/page"}],"author":[{"embeddable":true,"href":"https:\/\/arjolle.com\/en\/wp-json\/wp\/v2\/users\/3"}],"replies":[{"embeddable":true,"href":"https:\/\/arjolle.com\/en\/wp-json\/wp\/v2\/comments?post=224657"}],"version-history":[{"count":5,"href":"https:\/\/arjolle.com\/en\/wp-json\/wp\/v2\/pages\/224657\/revisions"}],"predecessor-version":[{"id":224828,"href":"https:\/\/arjolle.com\/en\/wp-json\/wp\/v2\/pages\/224657\/revisions\/224828"}],"wp:featuredmedia":[{"embeddable":true,"href":"https:\/\/arjolle.com\/en\/wp-json\/wp\/v2\/media\/224134"}],"wp:attachment":[{"href":"https:\/\/arjolle.com\/en\/wp-json\/wp\/v2\/media?parent=224657"}],"curies":[{"name":"wp","href":"https:\/\/api.w.org\/{rel}","templated":true}]}}