{"id":224663,"date":"2025-11-19T09:32:21","date_gmt":"2025-11-19T09:32:21","guid":{"rendered":"https:\/\/arjolle.com\/nos-caves-et-notre-chai-elevage\/"},"modified":"2026-02-25T16:29:18","modified_gmt":"2026-02-25T16:29:18","slug":"winery","status":"publish","type":"page","link":"https:\/\/arjolle.com\/en\/winery\/","title":{"rendered":"Winery and Barrel cellar"},"content":{"rendered":"<div class=\"et_pb_section_0 et_pb_section et_section_regular et_block_section et_animated\">\n<div class=\"et_pb_row_0 et_pb_row et_flex_row\">\n<div class=\"et_pb_column_0 et_pb_column et-last-child et_flex_column et_pb_css_mix_blend_mode_passthrough et_flex_column_24_24 et_flex_column_24_24_tablet et_flex_column_24_24_phone\">\n<div class=\"et_pb_image_0 et_pb_image et_flex_column_24_24 et_pb_module et_flex_module\"><span class=\"et_pb_image_wrap\"><img loading=\"lazy\" decoding=\"async\" src=\"https:\/\/arjolle.com\/wp-content\/uploads\/2025\/11\/nos-caves-1.jpg\" alt=\"La cave de l&#039;Arjolle\" width=\"1600\" height=\"678\" srcset=\"https:\/\/arjolle.com\/wp-content\/uploads\/2025\/11\/nos-caves-1.jpg 1600w, https:\/\/arjolle.com\/wp-content\/uploads\/2025\/11\/nos-caves-1-1280x542.jpg 1280w, https:\/\/arjolle.com\/wp-content\/uploads\/2025\/11\/nos-caves-1-980x415.jpg 980w, https:\/\/arjolle.com\/wp-content\/uploads\/2025\/11\/nos-caves-1-480x203.jpg 480w\" sizes=\"(min-width: 0px) and (max-width: 480px) 480px, (min-width: 481px) and (max-width: 980px) 980px, (min-width: 981px) and (max-width: 1280px) 1280px, (min-width: 1281px) 1600px, 100vw\" class=\"wp-image-223279\" \/><\/span><\/div>\n<\/div>\n<\/div>\n<\/div>\n\n<div class=\"et_pb_section_1 et_pb_section et_section_regular et_flex_section\" id=\"noscaves\">\n<div class=\"et_pb_row_1 et_pb_row et_flex_row\">\n<div class=\"et_pb_column_1 et_pb_column et-last-child et_flex_column et_pb_css_mix_blend_mode_passthrough et_flex_column_24_24 et_flex_column_24_24_tablet et_flex_column_24_24_phone\">\n<div class=\"et_pb_text_0 et_pb_text et_pb_bg_layout_light et_pb_module et_flex_module\"><div class=\"et_pb_text_inner\" data-et-mv-hidden-tablet=\"true\"><h1 style=\"text-align: center;\">Winery<\/h1>\n<\/div>\n<div class=\"et_pb_divider_0 et_pb_divider et_pb_space et_pb_divider_position_top et_pb_module et_flex_column_24_24 et_flex_column_24_24_tablet et_flex_column_24_24_phone\"><div class=\"et_pb_divider_internal\"><\/div><\/div>\n<\/div>\n\n<div class=\"et_pb_text_1 et_pb_text et_pb_bg_layout_light et_pb_module et_flex_module\"><div class=\"et_pb_text_inner\"><p>All our grapes are vinified at the estate. The wide range of varieties in our vineyard gives us an endless source of wine styles and blends. To create this diversity, we work with two winemaking facilities, allowing us to isolate individual varieties and plots as much as possible.<br \/>\nOur first, historic winery is in the village of Pouzolles, where we make the vast majority of our white and ros\u00e9 wines and some of our reds, using modern stainless-steel tanks with precise temperature control.<br \/>\nThe second winery is in the village of Margon and was completely renovated in 2014. Here, we vinify the majority of our red wines in small, next-generation concrete tanks, ideally suited for parcel selection.<br \/>\nWe bottle all our wines ourselves at the estate.<\/p>\n<\/div><\/div>\n\n<div class=\"et_pb_image_1 et_pb_image et_pb_module et_flex_module\"><span class=\"et_pb_image_wrap\"><img loading=\"lazy\" decoding=\"async\" src=\"https:\/\/arjolle.com\/wp-content\/uploads\/2025\/11\/cave-domaine-arjolle-herault.jpg\" alt=\"Cave d&#039;\u00e9levage Domaine de l&#039;Arjolle\" width=\"1364\" height=\"766\" srcset=\"https:\/\/arjolle.com\/wp-content\/uploads\/2025\/11\/cave-domaine-arjolle-herault.jpg 1364w, https:\/\/arjolle.com\/wp-content\/uploads\/2025\/11\/cave-domaine-arjolle-herault-1280x719.jpg 1280w, https:\/\/arjolle.com\/wp-content\/uploads\/2025\/11\/cave-domaine-arjolle-herault-980x550.jpg 980w, https:\/\/arjolle.com\/wp-content\/uploads\/2025\/11\/cave-domaine-arjolle-herault-480x270.jpg 480w\" sizes=\"(min-width: 0px) and (max-width: 480px) 480px, (min-width: 481px) and (max-width: 980px) 980px, (min-width: 981px) and (max-width: 1280px) 1280px, (min-width: 1281px) 1364px, 100vw\" class=\"wp-image-223225\" \/><\/span><\/div>\n<\/div>\n<\/div>\n<\/div>\n\n<div class=\"et_pb_section_2 et_pb_section et_section_regular et_flex_section\" id=\"notrechai\">\n<div class=\"et_pb_row_2 et_pb_row et_flex_row\">\n<div class=\"et_pb_column_2 et_pb_column et-last-child et_flex_column et_pb_css_mix_blend_mode_passthrough et_flex_column_24_24 et_flex_column_24_24_tablet et_flex_column_24_24_phone\">\n<div class=\"et_pb_text_2 et_pb_text et_pb_bg_layout_light et_pb_module et_flex_module\"><div class=\"et_pb_text_inner\"><h2 style=\"text-align: center;\">Barrel cellar<\/h2>\n<\/div>\n<div class=\"et_pb_divider_1 et_pb_divider et_pb_space et_pb_divider_position_top et_pb_module et_flex_column_24_24 et_flex_column_24_24_tablet et_flex_column_24_24_phone\"><div class=\"et_pb_divider_internal\"><\/div><\/div>\n<\/div>\n\n<div class=\"et_pb_text_3 et_pb_text et_pb_bg_layout_light et_pb_module et_flex_module\"><div class=\"et_pb_text_inner\"><p>Since 2001 Domaine de l'Arjolle has owned a semi-underground barrel cellar in Pouzolles, housing over 1,000 oak barrels. These barrels are made from wood sourced from the best forests in France, specially selected for the ageing of the estate\u2019s finest white and red wines. Our barrel cellar's architecture and design combine aesthetic and architectural precision.<br \/>\nAround a third of our wines are aged in this cellar for six to 12 months, with each grape variety aged separately. The remaining wines are aged exclusively in tank. Depending on the range, our wines are made with tank ageing (\u00c9quilibre and F ranges), barrel ageing (Arlequin and Paradoxe ranges), or a combination of both (\u00c9quinoxe and \u00c9tonnants).<\/p>\n<\/div><\/div>\n<\/div>\n<\/div>\n<\/div>\n\n<div class=\"et_pb_section_3 et_pb_section et_section_regular et_flex_section\"><\/div>\n\n<div class=\"et_pb_section_4 et_pb_section et_section_regular et_flex_section\">\n<div class=\"et_pb_row_3 et_pb_row et_grid_row et_animated\">\n<div class=\"et_pb_column_3 et_pb_column et_flex_column et_pb_css_mix_blend_mode_passthrough et_animated\">\n<div class=\"et_pb_image_2 et_pb_image et_pb_module et_flex_module\" id=\"vignettefamille\"><a href=\"https:\/\/arjolle.com\/en\/the-arjolle-family\/\"><span class=\"et_pb_image_wrap\"><img loading=\"lazy\" decoding=\"async\" src=\"https:\/\/arjolle.com\/wp-content\/uploads\/2025\/11\/famille-domaine-arjolle.jpg\" alt=\"La famille de l&#039;Arjolle\" width=\"651\" height=\"377\" srcset=\"https:\/\/arjolle.com\/wp-content\/uploads\/2025\/11\/famille-domaine-arjolle.jpg 651w, https:\/\/arjolle.com\/wp-content\/uploads\/2025\/11\/famille-domaine-arjolle-480x278.jpg 480w\" sizes=\"(min-width: 0px) and (max-width: 480px) 480px, (min-width: 481px) 651px, 100vw\" class=\"wp-image-23178\" \/><\/span><\/a><\/div>\n\n<div class=\"et_pb_text_4 et_pb_text et_pb_bg_layout_dark et_clickable et_pb_module et_flex_module\"><div class=\"et_pb_text_inner\"><p><a href=\"https:\/\/arjolle.com\/en\/the-arjolle-family\/\" title=\"The Arjolle family \">The Arjolle family<\/a><\/p>\n<\/div><\/div>\n<\/div>\n\n<div class=\"et_pb_column_4 et_pb_column et_flex_column et_pb_css_mix_blend_mode_passthrough et_animated\">\n<div class=\"et_pb_image_3 et_pb_image et_pb_module et_flex_module\" id=\"vignettearjolle\"><a href=\"https:\/\/arjolle.com\/en\/what-is-an-arjolle\/\"><span class=\"et_pb_image_wrap\"><img loading=\"lazy\" decoding=\"async\" src=\"https:\/\/arjolle.com\/wp-content\/uploads\/2025\/11\/Pourquoi-arjolle.jpg\" alt=\"Pourquoi le nom de l&#039;arjolle ?\" width=\"650\" height=\"377\" srcset=\"https:\/\/arjolle.com\/wp-content\/uploads\/2025\/11\/Pourquoi-arjolle.jpg 650w, https:\/\/arjolle.com\/wp-content\/uploads\/2025\/11\/Pourquoi-arjolle-480x278.jpg 480w\" sizes=\"(min-width: 0px) and (max-width: 480px) 480px, (min-width: 481px) 650px, 100vw\" class=\"wp-image-23181\" \/><\/span><\/a><\/div>\n\n<div class=\"et_pb_text_5 et_pb_text et_pb_bg_layout_dark et_clickable et_pb_module et_flex_module\"><div class=\"et_pb_text_inner\"><p><a href=\"https:\/\/arjolle.com\/en\/what-is-an-arjolle\/\" title=\"What is an arjolle??\">What is an arjolle?<\/a><\/p>\n<\/div><\/div>\n<\/div>\n\n<div class=\"et_pb_column_5 et_pb_column et_flex_column et_pb_css_mix_blend_mode_passthrough et_animated et_clickable\">\n<div class=\"et_pb_image_4 et_pb_image et_pb_module et_flex_module\" id=\"vignettegamme\"><a href=\"https:\/\/arjolle.com\/en\/wines\"><span class=\"et_pb_image_wrap\"><img loading=\"lazy\" decoding=\"async\" src=\"https:\/\/arjolle.com\/wp-content\/uploads\/2025\/11\/nos-gammes.jpg\" alt=\"La gamme des vins de l&#039;Arjolle\" width=\"650\" height=\"377\" srcset=\"https:\/\/arjolle.com\/wp-content\/uploads\/2025\/11\/nos-gammes.jpg 650w, https:\/\/arjolle.com\/wp-content\/uploads\/2025\/11\/nos-gammes-480x278.jpg 480w\" sizes=\"(min-width: 0px) and (max-width: 480px) 480px, (min-width: 481px) 650px, 100vw\" class=\"wp-image-23182\" \/><\/span><\/a><\/div>\n\n<div class=\"et_pb_text_6 et_pb_text et_pb_bg_layout_dark et_clickable et_pb_module et_flex_module\"><div class=\"et_pb_text_inner\"><p><a href=\"https:\/\/arjolle.com\/en\/wines\" title=\"Wines\">Wines<\/a><\/p>\n<\/div><\/div>\n<\/div>\n\n<div class=\"et_pb_column_6 et_pb_column et-last-child et_flex_column et_pb_css_mix_blend_mode_passthrough et_animated\">\n<div class=\"et_pb_image_5 et_pb_image et_pb_module et_flex_module\" id=\"vignettevignoble\" title=\"Notre vignoble\"><a href=\"https:\/\/arjolle.com\/en\/vineyard\"><span class=\"et_pb_image_wrap\"><img loading=\"lazy\" decoding=\"async\" src=\"https:\/\/arjolle.com\/wp-content\/uploads\/2025\/11\/vignette-vignoble-arjolle.jpg\" alt=\"Le domaine de l&#039;Arjolle dans l&#039;H\u00e9rault\" width=\"650\" height=\"377\" srcset=\"https:\/\/arjolle.com\/wp-content\/uploads\/2025\/11\/vignette-vignoble-arjolle.jpg 650w, https:\/\/arjolle.com\/wp-content\/uploads\/2025\/11\/vignette-vignoble-arjolle-480x278.jpg 480w\" sizes=\"(min-width: 0px) and (max-width: 480px) 480px, (min-width: 481px) 650px, 100vw\" class=\"wp-image-223314\" \/><\/span><\/a><\/div>\n\n<div class=\"et_pb_text_7 et_pb_text et_pb_bg_layout_dark et_clickable et_pb_module et_flex_module\"><div class=\"et_pb_text_inner\"><p><a href=\"https:\/\/arjolle.com\/en\/vineyard\" title=\"Vineyard\">Vineyard<\/a><\/p>\n<\/div><\/div>\n<\/div>\n<\/div>\n\n<div class=\"et_pb_row_4 et_pb_row et_grid_row et_animated\">\n<div class=\"et_pb_column_7 et_pb_column et_flex_column et_pb_css_mix_blend_mode_passthrough et_animated\">\n<div class=\"et_pb_image_6 et_pb_image et_pb_module et_flex_module\" id=\"vignettecave\"><a href=\"https:\/\/arjolle.com\/en\/winery\"><span class=\"et_pb_image_wrap\"><img loading=\"lazy\" decoding=\"async\" src=\"https:\/\/arjolle.com\/wp-content\/uploads\/2025\/11\/nos-caves.jpg\" alt=\"La cave de l&#039;Arjolle\" width=\"650\" height=\"377\" srcset=\"https:\/\/arjolle.com\/wp-content\/uploads\/2025\/11\/nos-caves.jpg 650w, https:\/\/arjolle.com\/wp-content\/uploads\/2025\/11\/nos-caves-480x278.jpg 480w\" sizes=\"(min-width: 0px) and (max-width: 480px) 480px, (min-width: 481px) 650px, 100vw\" class=\"wp-image-23184\" \/><\/span><\/a><\/div>\n\n<div class=\"et_pb_text_8 et_pb_text et_pb_bg_layout_dark et_clickable et_pb_module et_flex_module\"><div class=\"et_pb_text_inner\"><p><a href=\"https:\/\/arjolle.com\/en\/winery\" title=\"Winery\">Winery<\/a><\/p>\n<\/div><\/div>\n<\/div>\n\n<div class=\"et_pb_column_8 et_pb_column et_flex_column et_pb_css_mix_blend_mode_passthrough et_animated\">\n<div class=\"et_pb_image_7 et_pb_image et_pb_module et_flex_module\" id=\"vignetteinnovation\"><a href=\"https:\/\/arjolle.com\/en\/wine-innovation\"><span class=\"et_pb_image_wrap\"><img loading=\"lazy\" decoding=\"async\" src=\"https:\/\/arjolle.com\/wp-content\/uploads\/2025\/11\/nos-innovations-1.jpg\" alt=\"Les innovations dans le vin sans alcool\" width=\"650\" height=\"377\" srcset=\"https:\/\/arjolle.com\/wp-content\/uploads\/2025\/11\/nos-innovations-1.jpg 650w, https:\/\/arjolle.com\/wp-content\/uploads\/2025\/11\/nos-innovations-1-480x278.jpg 480w\" sizes=\"(min-width: 0px) and (max-width: 480px) 480px, (min-width: 481px) 650px, 100vw\" class=\"wp-image-223257\" \/><\/span><\/a><\/div>\n\n<div class=\"et_pb_text_9 et_pb_text et_pb_bg_layout_dark et_clickable et_pb_module et_flex_module\"><div class=\"et_pb_text_inner\"><p><a href=\"https:\/\/arjolle.com\/en\/wine-innovation\" title=\"Wines innovations\">Innovations<\/a><\/p>\n<\/div><\/div>\n<\/div>\n\n<div class=\"et_pb_column_9 et_pb_column et_flex_column et_pb_css_mix_blend_mode_passthrough et_animated\">\n<div class=\"et_pb_image_8 et_pb_image et_pb_module et_flex_module\" id=\"vignettecaveau\"><a href=\"https:\/\/arjolle.com\/en\/tasting-room\"><span class=\"et_pb_image_wrap\"><img loading=\"lazy\" decoding=\"async\" src=\"https:\/\/arjolle.com\/wp-content\/uploads\/2025\/11\/notre-caveau.jpg\" alt=\"Notre caveau\" width=\"650\" height=\"377\" srcset=\"https:\/\/arjolle.com\/wp-content\/uploads\/2025\/11\/notre-caveau.jpg 650w, https:\/\/arjolle.com\/wp-content\/uploads\/2025\/11\/notre-caveau-480x278.jpg 480w\" sizes=\"(min-width: 0px) and (max-width: 480px) 480px, (min-width: 481px) 650px, 100vw\" class=\"wp-image-23185\" \/><\/span><\/a><\/div>\n\n<div class=\"et_pb_text_10 et_pb_text et_pb_bg_layout_dark et_clickable et_pb_module et_flex_module\"><div class=\"et_pb_text_inner\"><p><a href=\"https:\/\/arjolle.com\/en\/tasting-room\" title=\"Tasting Room\">Tasting Room<\/a><\/p>\n<\/div><\/div>\n<\/div>\n\n<div class=\"et_pb_column_10 et_pb_column et-last-child et_flex_column et_pb_css_mix_blend_mode_passthrough et_animated\">\n<div class=\"et_pb_image_9 et_pb_image et_pb_module et_flex_module\" id=\"vignetteaufildesans\" title=\"Notre vignoble\"><a href=\"https:\/\/arjolle.com\/en\/through-the-years\/\"><span class=\"et_pb_image_wrap\"><img loading=\"lazy\" decoding=\"async\" src=\"https:\/\/arjolle.com\/wp-content\/uploads\/2025\/11\/au-fil-des-annee-arjolle-1.jpg\" alt=\"L&#039;arjolle au fil des ann\u00e9es\" width=\"650\" height=\"377\" srcset=\"https:\/\/arjolle.com\/wp-content\/uploads\/2025\/11\/au-fil-des-annee-arjolle-1.jpg 650w, https:\/\/arjolle.com\/wp-content\/uploads\/2025\/11\/au-fil-des-annee-arjolle-1-480x278.jpg 480w\" sizes=\"(min-width: 0px) and (max-width: 480px) 480px, (min-width: 481px) 650px, 100vw\" class=\"wp-image-223256\" \/><\/span><\/a><\/div>\n\n<div class=\"et_pb_text_11 et_pb_text et_pb_bg_layout_dark et_clickable et_pb_module et_flex_module\"><div class=\"et_pb_text_inner\"><p><a href=\"https:\/\/arjolle.com\/en\/through-the-years\/\" title=\"Through the Years\">Through the Years<\/a><\/p>\n<\/div><\/div>\n<\/div>\n<\/div>\n<\/div>","protected":false},"excerpt":{"rendered":"<p>All our grapes are vinified at the estate. The wide range of varieties in our vineyard gives us an endless source of wine styles and blends. To create this diversity, we work with two winemaking facilities, allowing us to isolate individual varieties and plots as much as possible.<br \/>\nVous pourrez y rencontrer la famille de l\u2019Arjolle, apprendre son histoire en mots et en photos, approfondir vos connaissances de la gamme des vins et vins d\u00e9salcoolis\u00e9s, d\u00e9couvrir le domaine de la vigne \u00e0 la cave et surtout partager cette passion qui anime les hommes et les femmes de l\u2019Arjolle.<\/p>\n<p>Tout l\u2019esprit de l\u2019Arjolle traduit sur vos \u00e9crans !<\/p>\n","protected":false},"author":3,"featured_media":224129,"parent":0,"menu_order":11,"comment_status":"closed","ping_status":"closed","template":"","meta":{"footnotes":""},"class_list":["post-224663","page","type-page","status-publish","has-post-thumbnail","hentry"],"yoast_head":"<!-- This site is optimized with the Yoast SEO plugin v27.1.1 - https:\/\/yoast.com\/product\/yoast-seo-wordpress\/ -->\n<title>Winery and Barrel cellar<\/title>\n<meta name=\"description\" content=\"All our grapes are vinified at the estate. The wide range of varieties in our vineyard gives us an endless source of wine styles and blends. To create this diversity, we work with two winemaking facilities, allowing us to isolate individual varieties and plots as much as possible.\" \/>\n<meta name=\"robots\" content=\"index, follow, max-snippet:-1, max-image-preview:large, max-video-preview:-1\" \/>\n<link rel=\"canonical\" href=\"https:\/\/arjolle.com\/en\/winery\/\" \/>\n<meta property=\"og:locale\" content=\"en_US\" \/>\n<meta property=\"og:type\" content=\"article\" \/>\n<meta property=\"og:title\" content=\"Winery and Barrel cellar\" \/>\n<meta property=\"og:description\" content=\"All our grapes are vinified at the estate. The wide range of varieties in our vineyard gives us an endless source of wine styles and blends. To create this diversity, we work with two winemaking facilities, allowing us to isolate individual varieties and plots as much as possible.\" \/>\n<meta property=\"og:url\" content=\"https:\/\/arjolle.com\/en\/winery\/\" \/>\n<meta property=\"og:site_name\" content=\"Domaine de l&#039;Arjolle - Caveau de d\u00e9gustation &amp; vente en ligne\" \/>\n<meta property=\"article:publisher\" content=\"https:\/\/www.facebook.com\/domainede.larjolle\/\" \/>\n<meta property=\"article:modified_time\" content=\"2026-02-25T16:29:18+00:00\" \/>\n<meta property=\"og:image\" content=\"https:\/\/arjolle.com\/wp-content\/uploads\/2025\/11\/cave-domaine-arjolle-herault.jpg\" \/>\n\t<meta property=\"og:image:width\" content=\"1364\" \/>\n\t<meta property=\"og:image:height\" content=\"766\" \/>\n\t<meta property=\"og:image:type\" content=\"image\/jpeg\" \/>\n<meta name=\"twitter:label1\" content=\"Est. reading time\" \/>\n\t<meta name=\"twitter:data1\" content=\"1 minute\" \/>\n<script type=\"application\/ld+json\" class=\"yoast-schema-graph\">{\"@context\":\"https:\/\/schema.org\",\"@graph\":[{\"@type\":\"WebPage\",\"@id\":\"https:\/\/arjolle.com\/en\/winery\/\",\"url\":\"https:\/\/arjolle.com\/en\/winery\/\",\"name\":\"Winery and Barrel cellar\",\"isPartOf\":{\"@id\":\"https:\/\/arjolle.com\/en\/#website\"},\"primaryImageOfPage\":{\"@id\":\"https:\/\/arjolle.com\/en\/winery\/#primaryimage\"},\"image\":{\"@id\":\"https:\/\/arjolle.com\/en\/winery\/#primaryimage\"},\"thumbnailUrl\":\"https:\/\/arjolle.com\/wp-content\/uploads\/2025\/11\/cave-domaine-arjolle-herault.jpg\",\"datePublished\":\"2025-11-19T09:32:21+00:00\",\"dateModified\":\"2026-02-25T16:29:18+00:00\",\"description\":\"All our grapes are vinified at the estate. The wide range of varieties in our vineyard gives us an endless source of wine styles and blends. To create this diversity, we work with two winemaking facilities, allowing us to isolate individual varieties and plots as much as possible.\",\"breadcrumb\":{\"@id\":\"https:\/\/arjolle.com\/en\/winery\/#breadcrumb\"},\"inLanguage\":\"en-US\",\"potentialAction\":[{\"@type\":\"ReadAction\",\"target\":[\"https:\/\/arjolle.com\/en\/winery\/\"]}]},{\"@type\":\"ImageObject\",\"inLanguage\":\"en-US\",\"@id\":\"https:\/\/arjolle.com\/en\/winery\/#primaryimage\",\"url\":\"https:\/\/arjolle.com\/wp-content\/uploads\/2025\/11\/cave-domaine-arjolle-herault.jpg\",\"contentUrl\":\"https:\/\/arjolle.com\/wp-content\/uploads\/2025\/11\/cave-domaine-arjolle-herault.jpg\",\"width\":1364,\"height\":766,\"caption\":\"Cave d'\u00e9levage Domaine de l'Arjolle\"},{\"@type\":\"BreadcrumbList\",\"@id\":\"https:\/\/arjolle.com\/en\/winery\/#breadcrumb\",\"itemListElement\":[{\"@type\":\"ListItem\",\"position\":1,\"name\":\"Home\",\"item\":\"https:\/\/arjolle.com\/en\/\"},{\"@type\":\"ListItem\",\"position\":2,\"name\":\"Winery and Barrel cellar\"}]},{\"@type\":\"WebSite\",\"@id\":\"https:\/\/arjolle.com\/en\/#website\",\"url\":\"https:\/\/arjolle.com\/en\/\",\"name\":\"Domaine de l'Arjolle - Caveau de d\u00e9gustation & vente en ligne\",\"description\":\"Le Domaine de l\u2019Arjolle est un pionnier en Languedoc en plantant des c\u00e9pages atypique.\",\"publisher\":{\"@id\":\"https:\/\/arjolle.com\/en\/#organization\"},\"potentialAction\":[{\"@type\":\"SearchAction\",\"target\":{\"@type\":\"EntryPoint\",\"urlTemplate\":\"https:\/\/arjolle.com\/en\/?s={search_term_string}\"},\"query-input\":{\"@type\":\"PropertyValueSpecification\",\"valueRequired\":true,\"valueName\":\"search_term_string\"}}],\"inLanguage\":\"en-US\"},{\"@type\":\"Organization\",\"@id\":\"https:\/\/arjolle.com\/en\/#organization\",\"name\":\"Domaine de l'Arjolle\",\"url\":\"https:\/\/arjolle.com\/en\/\",\"logo\":{\"@type\":\"ImageObject\",\"inLanguage\":\"en-US\",\"@id\":\"https:\/\/arjolle.com\/en\/#\/schema\/logo\/image\/\",\"url\":\"https:\/\/arjolle.com\/wp-content\/uploads\/2025\/11\/logo-domaine-arjolle-1-1.jpg\",\"contentUrl\":\"https:\/\/arjolle.com\/wp-content\/uploads\/2025\/11\/logo-domaine-arjolle-1-1.jpg\",\"width\":512,\"height\":512,\"caption\":\"Domaine de l'Arjolle\"},\"image\":{\"@id\":\"https:\/\/arjolle.com\/en\/#\/schema\/logo\/image\/\"},\"sameAs\":[\"https:\/\/www.facebook.com\/domainede.larjolle\/\",\"https:\/\/www.instagram.com\/domaine_arjolle\/\"]}]}<\/script>\n<!-- \/ Yoast SEO plugin. -->","yoast_head_json":{"title":"Winery and Barrel cellar","description":"All our grapes are vinified at the estate. The wide range of varieties in our vineyard gives us an endless source of wine styles and blends. To create this diversity, we work with two winemaking facilities, allowing us to isolate individual varieties and plots as much as possible.","robots":{"index":"index","follow":"follow","max-snippet":"max-snippet:-1","max-image-preview":"max-image-preview:large","max-video-preview":"max-video-preview:-1"},"canonical":"https:\/\/arjolle.com\/en\/winery\/","og_locale":"en_US","og_type":"article","og_title":"Winery and Barrel cellar","og_description":"All our grapes are vinified at the estate. The wide range of varieties in our vineyard gives us an endless source of wine styles and blends. To create this diversity, we work with two winemaking facilities, allowing us to isolate individual varieties and plots as much as possible.","og_url":"https:\/\/arjolle.com\/en\/winery\/","og_site_name":"Domaine de l&#039;Arjolle - Caveau de d\u00e9gustation &amp; vente en ligne","article_publisher":"https:\/\/www.facebook.com\/domainede.larjolle\/","article_modified_time":"2026-02-25T16:29:18+00:00","og_image":[{"width":1364,"height":766,"url":"https:\/\/arjolle.com\/wp-content\/uploads\/2025\/11\/cave-domaine-arjolle-herault.jpg","type":"image\/jpeg"}],"twitter_misc":{"Est. reading time":"1 minute"},"schema":{"@context":"https:\/\/schema.org","@graph":[{"@type":"WebPage","@id":"https:\/\/arjolle.com\/en\/winery\/","url":"https:\/\/arjolle.com\/en\/winery\/","name":"Winery and Barrel cellar","isPartOf":{"@id":"https:\/\/arjolle.com\/en\/#website"},"primaryImageOfPage":{"@id":"https:\/\/arjolle.com\/en\/winery\/#primaryimage"},"image":{"@id":"https:\/\/arjolle.com\/en\/winery\/#primaryimage"},"thumbnailUrl":"https:\/\/arjolle.com\/wp-content\/uploads\/2025\/11\/cave-domaine-arjolle-herault.jpg","datePublished":"2025-11-19T09:32:21+00:00","dateModified":"2026-02-25T16:29:18+00:00","description":"All our grapes are vinified at the estate. The wide range of varieties in our vineyard gives us an endless source of wine styles and blends. To create this diversity, we work with two winemaking facilities, allowing us to isolate individual varieties and plots as much as possible.","breadcrumb":{"@id":"https:\/\/arjolle.com\/en\/winery\/#breadcrumb"},"inLanguage":"en-US","potentialAction":[{"@type":"ReadAction","target":["https:\/\/arjolle.com\/en\/winery\/"]}]},{"@type":"ImageObject","inLanguage":"en-US","@id":"https:\/\/arjolle.com\/en\/winery\/#primaryimage","url":"https:\/\/arjolle.com\/wp-content\/uploads\/2025\/11\/cave-domaine-arjolle-herault.jpg","contentUrl":"https:\/\/arjolle.com\/wp-content\/uploads\/2025\/11\/cave-domaine-arjolle-herault.jpg","width":1364,"height":766,"caption":"Cave d'\u00e9levage Domaine de l'Arjolle"},{"@type":"BreadcrumbList","@id":"https:\/\/arjolle.com\/en\/winery\/#breadcrumb","itemListElement":[{"@type":"ListItem","position":1,"name":"Home","item":"https:\/\/arjolle.com\/en\/"},{"@type":"ListItem","position":2,"name":"Winery and Barrel cellar"}]},{"@type":"WebSite","@id":"https:\/\/arjolle.com\/en\/#website","url":"https:\/\/arjolle.com\/en\/","name":"Domaine de l'Arjolle - Caveau de d\u00e9gustation & vente en ligne","description":"Le Domaine de l\u2019Arjolle est un pionnier en Languedoc en plantant des c\u00e9pages atypique.","publisher":{"@id":"https:\/\/arjolle.com\/en\/#organization"},"potentialAction":[{"@type":"SearchAction","target":{"@type":"EntryPoint","urlTemplate":"https:\/\/arjolle.com\/en\/?s={search_term_string}"},"query-input":{"@type":"PropertyValueSpecification","valueRequired":true,"valueName":"search_term_string"}}],"inLanguage":"en-US"},{"@type":"Organization","@id":"https:\/\/arjolle.com\/en\/#organization","name":"Domaine de l'Arjolle","url":"https:\/\/arjolle.com\/en\/","logo":{"@type":"ImageObject","inLanguage":"en-US","@id":"https:\/\/arjolle.com\/en\/#\/schema\/logo\/image\/","url":"https:\/\/arjolle.com\/wp-content\/uploads\/2025\/11\/logo-domaine-arjolle-1-1.jpg","contentUrl":"https:\/\/arjolle.com\/wp-content\/uploads\/2025\/11\/logo-domaine-arjolle-1-1.jpg","width":512,"height":512,"caption":"Domaine de l'Arjolle"},"image":{"@id":"https:\/\/arjolle.com\/en\/#\/schema\/logo\/image\/"},"sameAs":["https:\/\/www.facebook.com\/domainede.larjolle\/","https:\/\/www.instagram.com\/domaine_arjolle\/"]}]}},"_links":{"self":[{"href":"https:\/\/arjolle.com\/en\/wp-json\/wp\/v2\/pages\/224663","targetHints":{"allow":["GET"]}}],"collection":[{"href":"https:\/\/arjolle.com\/en\/wp-json\/wp\/v2\/pages"}],"about":[{"href":"https:\/\/arjolle.com\/en\/wp-json\/wp\/v2\/types\/page"}],"author":[{"embeddable":true,"href":"https:\/\/arjolle.com\/en\/wp-json\/wp\/v2\/users\/3"}],"replies":[{"embeddable":true,"href":"https:\/\/arjolle.com\/en\/wp-json\/wp\/v2\/comments?post=224663"}],"version-history":[{"count":5,"href":"https:\/\/arjolle.com\/en\/wp-json\/wp\/v2\/pages\/224663\/revisions"}],"predecessor-version":[{"id":224831,"href":"https:\/\/arjolle.com\/en\/wp-json\/wp\/v2\/pages\/224663\/revisions\/224831"}],"wp:featuredmedia":[{"embeddable":true,"href":"https:\/\/arjolle.com\/en\/wp-json\/wp\/v2\/media\/224129"}],"wp:attachment":[{"href":"https:\/\/arjolle.com\/en\/wp-json\/wp\/v2\/media?parent=224663"}],"curies":[{"name":"wp","href":"https:\/\/api.w.org\/{rel}","templated":true}]}}