{"id":224675,"date":"2025-11-19T10:58:06","date_gmt":"2025-11-19T10:58:06","guid":{"rendered":"https:\/\/arjolle.com\/nos-innovations-vin-sans-alcool\/"},"modified":"2026-02-25T16:25:56","modified_gmt":"2026-02-25T16:25:56","slug":"wine-innovation","status":"publish","type":"page","link":"https:\/\/arjolle.com\/en\/wine-innovation\/","title":{"rendered":"Innovations"},"content":{"rendered":"<div class=\"et_pb_section_0 et_pb_section et_section_regular et_block_section et_animated\">\n<div class=\"et_pb_row_0 et_pb_row et_flex_row\">\n<div class=\"et_pb_column_0 et_pb_column et-last-child et_flex_column et_pb_css_mix_blend_mode_passthrough et_flex_column_24_24 et_flex_column_24_24_tablet et_flex_column_24_24_phone\">\n<div class=\"et_pb_image_0 et_pb_image et_flex_column_24_24 et_pb_module et_flex_module\"><span class=\"et_pb_image_wrap\"><img loading=\"lazy\" decoding=\"async\" src=\"https:\/\/arjolle.com\/wp-content\/uploads\/2025\/11\/innovation-vin-san-alcool-arjolle.jpg\" alt=\"Innovation vins sans alcool\" width=\"1600\" height=\"709\" srcset=\"https:\/\/arjolle.com\/wp-content\/uploads\/2025\/11\/innovation-vin-san-alcool-arjolle.jpg 1600w, https:\/\/arjolle.com\/wp-content\/uploads\/2025\/11\/innovation-vin-san-alcool-arjolle-1280x567.jpg 1280w, https:\/\/arjolle.com\/wp-content\/uploads\/2025\/11\/innovation-vin-san-alcool-arjolle-980x434.jpg 980w, https:\/\/arjolle.com\/wp-content\/uploads\/2025\/11\/innovation-vin-san-alcool-arjolle-480x213.jpg 480w\" sizes=\"(min-width: 0px) and (max-width: 480px) 480px, (min-width: 481px) and (max-width: 980px) 980px, (min-width: 981px) and (max-width: 1280px) 1280px, (min-width: 1281px) 1600px, 100vw\" class=\"wp-image-223349\" \/><\/span><\/div>\n<\/div>\n<\/div>\n<\/div>\n\n<div class=\"et_pb_section_1 et_pb_section et_section_regular et_flex_section\" id=\"noscaves\">\n<div class=\"et_pb_row_1 et_pb_row et_flex_row\">\n<div class=\"et_pb_column_1 et_pb_column et-last-child et_flex_column et_pb_css_mix_blend_mode_passthrough et_flex_column_24_24 et_flex_column_24_24_tablet et_flex_column_24_24_phone\">\n<div class=\"et_pb_text_0 et_pb_text et_pb_bg_layout_light et_pb_module et_flex_module\"><div class=\"et_pb_text_inner\"><h1 style=\"text-align: center;\">Innovations<\/h1>\n<\/div>\n<div class=\"et_pb_divider_0 et_pb_divider et_pb_space et_pb_divider_position_top et_pb_module et_flex_column_24_24 et_flex_column_24_24_tablet et_flex_column_24_24_phone\"><div class=\"et_pb_divider_internal\"><\/div><\/div>\n<\/div>\n\n<div class=\"et_pb_text_1 et_pb_text et_pb_bg_layout_light et_pb_module et_flex_module\"><div class=\"et_pb_text_inner\"><p>At Domaine de l'Arjolle, we have always been driven by a pioneering spirit and the desire to innovate. We enjoy imagining what might come next, what is new in winemaking and what we believe is important for the future of wine.<\/p>\n<p>In the 1980s, we were one of the first estate to use stainless steel tanks, originally sourced from dairy milk containers in Brittany. Synonymous with improved hygiene and better control of oxidation, stainless steel later spread throughout the Languedoc wine growing region.<\/p>\n<p>In the 1990s, after a business trip to California, Louis-Marie became fascinated by Zinfandel, California\u2019s flagship grape variety (genetically identical to Primitivo from Puglia in Italy, despite bearing a different name). We planted our first hectare of Zinfandel, and today we are still the only producers making French-grown Zinfandel \u2013 a Zinfandel with a distinctly French expression.<\/p>\n<p>In the 2000s, history repeated itself with a different remarkable grape variety: Charles came back from study trip in Chile with the idea of planting Carm\u00e9n\u00e8re, a major grape variety in Chile (and originally from Bordeaux, where it has almost disappeared). Carm\u00e9n\u00e8re inspired us, so we planted our first hectare, and we are still the only producers outside of Bordeaux selling French-grown Carm\u00e9n\u00e8re \u2013 a Carm\u00e9n\u00e8re infused with Mediterranean aromas...<\/p>\n<p>The Domaine de l'Arjolle Zinfandel and Carm\u00e9n\u00e8re wines are an invitation to discovery.<\/p>\n<p>In 2019, inspired by a Dutch client and the growing popularity of alcohol-free beers, we launched our first dealcoholised wines in still and sparkling versions, which was a milestone for the estate. We chose an efficient, high-quality dealcoholisation method, namely vacuum evaporation. By placing the wine under vacuum, the boiling point of alcohol is lowered (35\u00b0C instead of 80\u00b0C), and this minimal heating preserves the vast majority of the wine\u2019s original aromas. Thanks to this method, the alcohol content is reduced to 0.0% ABV but the wine\u2019s intrinsic qualities are preserved, offering a genuine alcohol-free alternative.<\/p>\n<\/div><\/div>\n<\/div>\n<\/div>\n<\/div>\n\n<div class=\"et_pb_section_2 et_pb_section et_section_regular et_flex_section\" id=\"noscaves\">\n<div class=\"et_pb_row_2 et_pb_row et_flex_row\">\n<div class=\"et_pb_column_2 et_pb_column et-last-child et_flex_column et_pb_css_mix_blend_mode_passthrough et_flex_column_24_24 et_flex_column_24_24_tablet et_flex_column_24_24_phone\">\n<div class=\"et_pb_image_1 et_pb_image et_pb_module et_flex_module\"><span class=\"et_pb_image_wrap\"><img loading=\"lazy\" decoding=\"async\" src=\"https:\/\/arjolle.com\/wp-content\/uploads\/2025\/11\/cuvee-zinfandel-arjolle.jpg\" alt=\"Cuv\u00e9e c\u00e9page Zinfandel, domaine de l&#039;Arjolle\" width=\"1364\" height=\"802\" srcset=\"https:\/\/arjolle.com\/wp-content\/uploads\/2025\/11\/cuvee-zinfandel-arjolle.jpg 1364w, https:\/\/arjolle.com\/wp-content\/uploads\/2025\/11\/cuvee-zinfandel-arjolle-1280x753.jpg 1280w, https:\/\/arjolle.com\/wp-content\/uploads\/2025\/11\/cuvee-zinfandel-arjolle-980x576.jpg 980w, https:\/\/arjolle.com\/wp-content\/uploads\/2025\/11\/cuvee-zinfandel-arjolle-480x282.jpg 480w\" sizes=\"(min-width: 0px) and (max-width: 480px) 480px, (min-width: 481px) and (max-width: 980px) 980px, (min-width: 981px) and (max-width: 1280px) 1280px, (min-width: 1281px) 1364px, 100vw\" class=\"wp-image-223350\" \/><\/span><\/div>\n<\/div>\n<\/div>\n<\/div>\n\n<div class=\"et_pb_section_3 et_pb_section et_section_regular et_flex_section\">\n<div class=\"et_pb_row_3 et_pb_row et_grid_row et_animated\">\n<div class=\"et_pb_column_3 et_pb_column et_flex_column et_pb_css_mix_blend_mode_passthrough et_animated\">\n<div class=\"et_pb_image_2 et_pb_image et_pb_module et_flex_module\" id=\"vignettefamille\"><a href=\"https:\/\/arjolle.com\/en\/the-arjolle-family\/\"><span class=\"et_pb_image_wrap\"><img loading=\"lazy\" decoding=\"async\" src=\"https:\/\/arjolle.com\/wp-content\/uploads\/2025\/11\/famille-domaine-arjolle.jpg\" alt=\"La famille de l&#039;Arjolle\" width=\"651\" height=\"377\" srcset=\"https:\/\/arjolle.com\/wp-content\/uploads\/2025\/11\/famille-domaine-arjolle.jpg 651w, https:\/\/arjolle.com\/wp-content\/uploads\/2025\/11\/famille-domaine-arjolle-480x278.jpg 480w\" sizes=\"(min-width: 0px) and (max-width: 480px) 480px, (min-width: 481px) 651px, 100vw\" class=\"wp-image-23178\" \/><\/span><\/a><\/div>\n\n<div class=\"et_pb_text_2 et_pb_text et_pb_bg_layout_dark et_clickable et_pb_module et_flex_module\"><div class=\"et_pb_text_inner\"><p><a href=\"https:\/\/arjolle.com\/en\/the-arjolle-family\/\" title=\"The Arjolle family \">The Arjolle family<\/a><\/p>\n<\/div><\/div>\n<\/div>\n\n<div class=\"et_pb_column_4 et_pb_column et_flex_column et_pb_css_mix_blend_mode_passthrough et_animated\">\n<div class=\"et_pb_image_3 et_pb_image et_pb_module et_flex_module\" id=\"vignettearjolle\"><a href=\"https:\/\/arjolle.com\/en\/what-is-an-arjolle\/\"><span class=\"et_pb_image_wrap\"><img loading=\"lazy\" decoding=\"async\" src=\"https:\/\/arjolle.com\/wp-content\/uploads\/2025\/11\/Pourquoi-arjolle.jpg\" alt=\"Pourquoi le nom de l&#039;arjolle ?\" width=\"650\" height=\"377\" srcset=\"https:\/\/arjolle.com\/wp-content\/uploads\/2025\/11\/Pourquoi-arjolle.jpg 650w, https:\/\/arjolle.com\/wp-content\/uploads\/2025\/11\/Pourquoi-arjolle-480x278.jpg 480w\" sizes=\"(min-width: 0px) and (max-width: 480px) 480px, (min-width: 481px) 650px, 100vw\" class=\"wp-image-23181\" \/><\/span><\/a><\/div>\n\n<div class=\"et_pb_text_3 et_pb_text et_pb_bg_layout_dark et_clickable et_pb_module et_flex_module\"><div class=\"et_pb_text_inner\"><p><a href=\"https:\/\/arjolle.com\/en\/what-is-an-arjolle\/\" title=\"What is an arjolle??\">What is an arjolle?<\/a><\/p>\n<\/div><\/div>\n<\/div>\n\n<div class=\"et_pb_column_5 et_pb_column et_flex_column et_pb_css_mix_blend_mode_passthrough et_animated et_clickable\">\n<div class=\"et_pb_image_4 et_pb_image et_pb_module et_flex_module\" id=\"vignettegamme\"><a href=\"https:\/\/arjolle.com\/en\/wines\"><span class=\"et_pb_image_wrap\"><img loading=\"lazy\" decoding=\"async\" src=\"https:\/\/arjolle.com\/wp-content\/uploads\/2025\/11\/nos-gammes.jpg\" alt=\"La gamme des vins de l&#039;Arjolle\" width=\"650\" height=\"377\" srcset=\"https:\/\/arjolle.com\/wp-content\/uploads\/2025\/11\/nos-gammes.jpg 650w, https:\/\/arjolle.com\/wp-content\/uploads\/2025\/11\/nos-gammes-480x278.jpg 480w\" sizes=\"(min-width: 0px) and (max-width: 480px) 480px, (min-width: 481px) 650px, 100vw\" class=\"wp-image-23182\" \/><\/span><\/a><\/div>\n\n<div class=\"et_pb_text_4 et_pb_text et_pb_bg_layout_dark et_clickable et_pb_module et_flex_module\"><div class=\"et_pb_text_inner\"><p><a href=\"https:\/\/arjolle.com\/en\/wines\" title=\"Wines\">Wines<\/a><\/p>\n<\/div><\/div>\n<\/div>\n\n<div class=\"et_pb_column_6 et_pb_column et-last-child et_flex_column et_pb_css_mix_blend_mode_passthrough et_animated\">\n<div class=\"et_pb_image_5 et_pb_image et_pb_module et_flex_module\" id=\"vignettevignoble\" title=\"Notre vignoble\"><a href=\"https:\/\/arjolle.com\/en\/vineyard\"><span class=\"et_pb_image_wrap\"><img loading=\"lazy\" decoding=\"async\" src=\"https:\/\/arjolle.com\/wp-content\/uploads\/2025\/11\/vignette-vignoble-arjolle.jpg\" alt=\"Le domaine de l&#039;Arjolle dans l&#039;H\u00e9rault\" width=\"650\" height=\"377\" srcset=\"https:\/\/arjolle.com\/wp-content\/uploads\/2025\/11\/vignette-vignoble-arjolle.jpg 650w, https:\/\/arjolle.com\/wp-content\/uploads\/2025\/11\/vignette-vignoble-arjolle-480x278.jpg 480w\" sizes=\"(min-width: 0px) and (max-width: 480px) 480px, (min-width: 481px) 650px, 100vw\" class=\"wp-image-223314\" \/><\/span><\/a><\/div>\n\n<div class=\"et_pb_text_5 et_pb_text et_pb_bg_layout_dark et_clickable et_pb_module et_flex_module\"><div class=\"et_pb_text_inner\"><p><a href=\"https:\/\/arjolle.com\/en\/vineyard\" title=\"Vineyard\">Vineyard<\/a><\/p>\n<\/div><\/div>\n<\/div>\n<\/div>\n\n<div class=\"et_pb_row_4 et_pb_row et_grid_row et_animated\">\n<div class=\"et_pb_column_7 et_pb_column et_flex_column et_pb_css_mix_blend_mode_passthrough et_animated\">\n<div class=\"et_pb_image_6 et_pb_image et_pb_module et_flex_module\" id=\"vignettecave\"><a href=\"https:\/\/arjolle.com\/en\/winery\"><span class=\"et_pb_image_wrap\"><img loading=\"lazy\" decoding=\"async\" src=\"https:\/\/arjolle.com\/wp-content\/uploads\/2025\/11\/nos-caves.jpg\" alt=\"La cave de l&#039;Arjolle\" width=\"650\" height=\"377\" srcset=\"https:\/\/arjolle.com\/wp-content\/uploads\/2025\/11\/nos-caves.jpg 650w, https:\/\/arjolle.com\/wp-content\/uploads\/2025\/11\/nos-caves-480x278.jpg 480w\" sizes=\"(min-width: 0px) and (max-width: 480px) 480px, (min-width: 481px) 650px, 100vw\" class=\"wp-image-23184\" \/><\/span><\/a><\/div>\n\n<div class=\"et_pb_text_6 et_pb_text et_pb_bg_layout_dark et_clickable et_pb_module et_flex_module\"><div class=\"et_pb_text_inner\"><p><a href=\"https:\/\/arjolle.com\/en\/winery\" title=\"Winery\">Winery<\/a><\/p>\n<\/div><\/div>\n<\/div>\n\n<div class=\"et_pb_column_8 et_pb_column et_flex_column et_pb_css_mix_blend_mode_passthrough et_animated\">\n<div class=\"et_pb_image_7 et_pb_image et_pb_module et_flex_module\" id=\"vignetteinnovation\"><a href=\"https:\/\/arjolle.com\/en\/wine-innovation\"><span class=\"et_pb_image_wrap\"><img loading=\"lazy\" decoding=\"async\" src=\"https:\/\/arjolle.com\/wp-content\/uploads\/2025\/11\/nos-innovations-1.jpg\" alt=\"Les innovations dans le vin sans alcool\" width=\"650\" height=\"377\" srcset=\"https:\/\/arjolle.com\/wp-content\/uploads\/2025\/11\/nos-innovations-1.jpg 650w, https:\/\/arjolle.com\/wp-content\/uploads\/2025\/11\/nos-innovations-1-480x278.jpg 480w\" sizes=\"(min-width: 0px) and (max-width: 480px) 480px, (min-width: 481px) 650px, 100vw\" class=\"wp-image-223257\" \/><\/span><\/a><\/div>\n\n<div class=\"et_pb_text_7 et_pb_text et_pb_bg_layout_dark et_clickable et_pb_module et_flex_module\"><div class=\"et_pb_text_inner\"><p><a href=\"https:\/\/arjolle.com\/en\/wine-innovation\" title=\"Wines innovations\">Innovations<\/a><\/p>\n<\/div><\/div>\n<\/div>\n\n<div class=\"et_pb_column_9 et_pb_column et_flex_column et_pb_css_mix_blend_mode_passthrough et_animated\">\n<div class=\"et_pb_image_8 et_pb_image et_pb_module et_flex_module\" id=\"vignettecaveau\"><a href=\"https:\/\/arjolle.com\/en\/tasting-room\"><span class=\"et_pb_image_wrap\"><img loading=\"lazy\" decoding=\"async\" src=\"https:\/\/arjolle.com\/wp-content\/uploads\/2025\/11\/notre-caveau.jpg\" alt=\"Notre caveau\" width=\"650\" height=\"377\" srcset=\"https:\/\/arjolle.com\/wp-content\/uploads\/2025\/11\/notre-caveau.jpg 650w, https:\/\/arjolle.com\/wp-content\/uploads\/2025\/11\/notre-caveau-480x278.jpg 480w\" sizes=\"(min-width: 0px) and (max-width: 480px) 480px, (min-width: 481px) 650px, 100vw\" class=\"wp-image-23185\" \/><\/span><\/a><\/div>\n\n<div class=\"et_pb_text_8 et_pb_text et_pb_bg_layout_dark et_clickable et_pb_module et_flex_module\"><div class=\"et_pb_text_inner\"><p><a href=\"https:\/\/arjolle.com\/en\/tasting-room\" title=\"Tasting Room\">Tasting Room<\/a><\/p>\n<\/div><\/div>\n<\/div>\n\n<div class=\"et_pb_column_10 et_pb_column et-last-child et_flex_column et_pb_css_mix_blend_mode_passthrough et_animated\">\n<div class=\"et_pb_image_9 et_pb_image et_pb_module et_flex_module\" id=\"vignetteaufildesans\" title=\"Notre vignoble\"><a href=\"https:\/\/arjolle.com\/en\/through-the-years\/\"><span class=\"et_pb_image_wrap\"><img loading=\"lazy\" decoding=\"async\" src=\"https:\/\/arjolle.com\/wp-content\/uploads\/2025\/11\/au-fil-des-annee-arjolle-1.jpg\" alt=\"L&#039;arjolle au fil des ann\u00e9es\" width=\"650\" height=\"377\" srcset=\"https:\/\/arjolle.com\/wp-content\/uploads\/2025\/11\/au-fil-des-annee-arjolle-1.jpg 650w, https:\/\/arjolle.com\/wp-content\/uploads\/2025\/11\/au-fil-des-annee-arjolle-1-480x278.jpg 480w\" sizes=\"(min-width: 0px) and (max-width: 480px) 480px, (min-width: 481px) 650px, 100vw\" class=\"wp-image-223256\" \/><\/span><\/a><\/div>\n\n<div class=\"et_pb_text_9 et_pb_text et_pb_bg_layout_dark et_clickable et_pb_module et_flex_module\"><div class=\"et_pb_text_inner\"><p><a href=\"https:\/\/arjolle.com\/en\/through-the-years\/\" title=\"Through the Years\">Through the Years<\/a><\/p>\n<\/div><\/div>\n<\/div>\n<\/div>\n<\/div>","protected":false},"excerpt":{"rendered":"<p>At Domaine de l&#8217;Arjolle, we have always been driven by a pioneering spirit and the desire to innovate. We enjoy imagining what might come next, what is new in winemaking and what we believe is important for the future of wine.<br \/>\nVous pourrez y rencontrer la famille de l\u2019Arjolle, apprendre son histoire en mots et en photos, approfondir vos connaissances de la gamme des vins et vins d\u00e9salcoolis\u00e9s, d\u00e9couvrir le domaine de la vigne \u00e0 la cave et surtout partager cette passion qui anime les hommes et les femmes de l\u2019Arjolle.<\/p>\n<p>Tout l\u2019esprit de l\u2019Arjolle traduit sur vos \u00e9crans !<\/p>\n","protected":false},"author":3,"featured_media":224133,"parent":0,"menu_order":11,"comment_status":"closed","ping_status":"closed","template":"","meta":{"footnotes":""},"class_list":["post-224675","page","type-page","status-publish","has-post-thumbnail","hentry"],"yoast_head":"<!-- This site is optimized with the Yoast SEO plugin v27.1.1 - https:\/\/yoast.com\/product\/yoast-seo-wordpress\/ -->\n<title>Wine Innovations<\/title>\n<meta name=\"description\" content=\"At Domaine de l&#039;Arjolle, we have always been driven by a pioneering spirit and the desire to innovate. We enjoy imagining what might come next, what is new in winemaking and what we believe is important for the future of wine.\" \/>\n<meta name=\"robots\" content=\"index, follow, max-snippet:-1, max-image-preview:large, max-video-preview:-1\" \/>\n<link rel=\"canonical\" href=\"https:\/\/arjolle.com\/en\/wine-innovation\/\" \/>\n<meta property=\"og:locale\" content=\"en_US\" \/>\n<meta property=\"og:type\" content=\"article\" \/>\n<meta property=\"og:title\" content=\"Wine Innovations\" \/>\n<meta property=\"og:description\" content=\"At Domaine de l&#039;Arjolle, we have always been driven by a pioneering spirit and the desire to innovate. We enjoy imagining what might come next, what is new in winemaking and what we believe is important for the future of wine.\" \/>\n<meta property=\"og:url\" content=\"https:\/\/arjolle.com\/en\/wine-innovation\/\" \/>\n<meta property=\"og:site_name\" content=\"Domaine de l&#039;Arjolle - Caveau de d\u00e9gustation &amp; vente en ligne\" \/>\n<meta property=\"article:publisher\" content=\"https:\/\/www.facebook.com\/domainede.larjolle\/\" \/>\n<meta property=\"article:modified_time\" content=\"2026-02-25T16:25:56+00:00\" \/>\n<meta property=\"og:image\" content=\"https:\/\/arjolle.com\/wp-content\/uploads\/2025\/11\/nos-innovations-1.jpg\" \/>\n\t<meta property=\"og:image:width\" content=\"650\" \/>\n\t<meta property=\"og:image:height\" content=\"377\" \/>\n\t<meta property=\"og:image:type\" content=\"image\/jpeg\" \/>\n<meta name=\"twitter:label1\" content=\"Est. reading time\" \/>\n\t<meta name=\"twitter:data1\" content=\"1 minute\" \/>\n<script type=\"application\/ld+json\" class=\"yoast-schema-graph\">{\"@context\":\"https:\/\/schema.org\",\"@graph\":[{\"@type\":\"WebPage\",\"@id\":\"https:\/\/arjolle.com\/en\/wine-innovation\/\",\"url\":\"https:\/\/arjolle.com\/en\/wine-innovation\/\",\"name\":\"Wine Innovations\",\"isPartOf\":{\"@id\":\"https:\/\/arjolle.com\/en\/#website\"},\"primaryImageOfPage\":{\"@id\":\"https:\/\/arjolle.com\/en\/wine-innovation\/#primaryimage\"},\"image\":{\"@id\":\"https:\/\/arjolle.com\/en\/wine-innovation\/#primaryimage\"},\"thumbnailUrl\":\"https:\/\/arjolle.com\/wp-content\/uploads\/2025\/11\/nos-innovations-1.jpg\",\"datePublished\":\"2025-11-19T10:58:06+00:00\",\"dateModified\":\"2026-02-25T16:25:56+00:00\",\"description\":\"At Domaine de l'Arjolle, we have always been driven by a pioneering spirit and the desire to innovate. We enjoy imagining what might come next, what is new in winemaking and what we believe is important for the future of wine.\",\"breadcrumb\":{\"@id\":\"https:\/\/arjolle.com\/en\/wine-innovation\/#breadcrumb\"},\"inLanguage\":\"en-US\",\"potentialAction\":[{\"@type\":\"ReadAction\",\"target\":[\"https:\/\/arjolle.com\/en\/wine-innovation\/\"]}]},{\"@type\":\"ImageObject\",\"inLanguage\":\"en-US\",\"@id\":\"https:\/\/arjolle.com\/en\/wine-innovation\/#primaryimage\",\"url\":\"https:\/\/arjolle.com\/wp-content\/uploads\/2025\/11\/nos-innovations-1.jpg\",\"contentUrl\":\"https:\/\/arjolle.com\/wp-content\/uploads\/2025\/11\/nos-innovations-1.jpg\",\"width\":650,\"height\":377,\"caption\":\"Les innovations dans le vin sans alcool\"},{\"@type\":\"BreadcrumbList\",\"@id\":\"https:\/\/arjolle.com\/en\/wine-innovation\/#breadcrumb\",\"itemListElement\":[{\"@type\":\"ListItem\",\"position\":1,\"name\":\"Home\",\"item\":\"https:\/\/arjolle.com\/en\/\"},{\"@type\":\"ListItem\",\"position\":2,\"name\":\"Innovations\"}]},{\"@type\":\"WebSite\",\"@id\":\"https:\/\/arjolle.com\/en\/#website\",\"url\":\"https:\/\/arjolle.com\/en\/\",\"name\":\"Domaine de l'Arjolle - Caveau de d\u00e9gustation & vente en ligne\",\"description\":\"Le Domaine de l\u2019Arjolle est un pionnier en Languedoc en plantant des c\u00e9pages atypique.\",\"publisher\":{\"@id\":\"https:\/\/arjolle.com\/en\/#organization\"},\"potentialAction\":[{\"@type\":\"SearchAction\",\"target\":{\"@type\":\"EntryPoint\",\"urlTemplate\":\"https:\/\/arjolle.com\/en\/?s={search_term_string}\"},\"query-input\":{\"@type\":\"PropertyValueSpecification\",\"valueRequired\":true,\"valueName\":\"search_term_string\"}}],\"inLanguage\":\"en-US\"},{\"@type\":\"Organization\",\"@id\":\"https:\/\/arjolle.com\/en\/#organization\",\"name\":\"Domaine de l'Arjolle\",\"url\":\"https:\/\/arjolle.com\/en\/\",\"logo\":{\"@type\":\"ImageObject\",\"inLanguage\":\"en-US\",\"@id\":\"https:\/\/arjolle.com\/en\/#\/schema\/logo\/image\/\",\"url\":\"https:\/\/arjolle.com\/wp-content\/uploads\/2025\/11\/logo-domaine-arjolle-1-1.jpg\",\"contentUrl\":\"https:\/\/arjolle.com\/wp-content\/uploads\/2025\/11\/logo-domaine-arjolle-1-1.jpg\",\"width\":512,\"height\":512,\"caption\":\"Domaine de l'Arjolle\"},\"image\":{\"@id\":\"https:\/\/arjolle.com\/en\/#\/schema\/logo\/image\/\"},\"sameAs\":[\"https:\/\/www.facebook.com\/domainede.larjolle\/\",\"https:\/\/www.instagram.com\/domaine_arjolle\/\"]}]}<\/script>\n<!-- \/ Yoast SEO plugin. -->","yoast_head_json":{"title":"Wine Innovations","description":"At Domaine de l'Arjolle, we have always been driven by a pioneering spirit and the desire to innovate. We enjoy imagining what might come next, what is new in winemaking and what we believe is important for the future of wine.","robots":{"index":"index","follow":"follow","max-snippet":"max-snippet:-1","max-image-preview":"max-image-preview:large","max-video-preview":"max-video-preview:-1"},"canonical":"https:\/\/arjolle.com\/en\/wine-innovation\/","og_locale":"en_US","og_type":"article","og_title":"Wine Innovations","og_description":"At Domaine de l'Arjolle, we have always been driven by a pioneering spirit and the desire to innovate. We enjoy imagining what might come next, what is new in winemaking and what we believe is important for the future of wine.","og_url":"https:\/\/arjolle.com\/en\/wine-innovation\/","og_site_name":"Domaine de l&#039;Arjolle - Caveau de d\u00e9gustation &amp; vente en ligne","article_publisher":"https:\/\/www.facebook.com\/domainede.larjolle\/","article_modified_time":"2026-02-25T16:25:56+00:00","og_image":[{"width":650,"height":377,"url":"https:\/\/arjolle.com\/wp-content\/uploads\/2025\/11\/nos-innovations-1.jpg","type":"image\/jpeg"}],"twitter_misc":{"Est. reading time":"1 minute"},"schema":{"@context":"https:\/\/schema.org","@graph":[{"@type":"WebPage","@id":"https:\/\/arjolle.com\/en\/wine-innovation\/","url":"https:\/\/arjolle.com\/en\/wine-innovation\/","name":"Wine Innovations","isPartOf":{"@id":"https:\/\/arjolle.com\/en\/#website"},"primaryImageOfPage":{"@id":"https:\/\/arjolle.com\/en\/wine-innovation\/#primaryimage"},"image":{"@id":"https:\/\/arjolle.com\/en\/wine-innovation\/#primaryimage"},"thumbnailUrl":"https:\/\/arjolle.com\/wp-content\/uploads\/2025\/11\/nos-innovations-1.jpg","datePublished":"2025-11-19T10:58:06+00:00","dateModified":"2026-02-25T16:25:56+00:00","description":"At Domaine de l'Arjolle, we have always been driven by a pioneering spirit and the desire to innovate. We enjoy imagining what might come next, what is new in winemaking and what we believe is important for the future of wine.","breadcrumb":{"@id":"https:\/\/arjolle.com\/en\/wine-innovation\/#breadcrumb"},"inLanguage":"en-US","potentialAction":[{"@type":"ReadAction","target":["https:\/\/arjolle.com\/en\/wine-innovation\/"]}]},{"@type":"ImageObject","inLanguage":"en-US","@id":"https:\/\/arjolle.com\/en\/wine-innovation\/#primaryimage","url":"https:\/\/arjolle.com\/wp-content\/uploads\/2025\/11\/nos-innovations-1.jpg","contentUrl":"https:\/\/arjolle.com\/wp-content\/uploads\/2025\/11\/nos-innovations-1.jpg","width":650,"height":377,"caption":"Les innovations dans le vin sans alcool"},{"@type":"BreadcrumbList","@id":"https:\/\/arjolle.com\/en\/wine-innovation\/#breadcrumb","itemListElement":[{"@type":"ListItem","position":1,"name":"Home","item":"https:\/\/arjolle.com\/en\/"},{"@type":"ListItem","position":2,"name":"Innovations"}]},{"@type":"WebSite","@id":"https:\/\/arjolle.com\/en\/#website","url":"https:\/\/arjolle.com\/en\/","name":"Domaine de l'Arjolle - Caveau de d\u00e9gustation & vente en ligne","description":"Le Domaine de l\u2019Arjolle est un pionnier en Languedoc en plantant des c\u00e9pages atypique.","publisher":{"@id":"https:\/\/arjolle.com\/en\/#organization"},"potentialAction":[{"@type":"SearchAction","target":{"@type":"EntryPoint","urlTemplate":"https:\/\/arjolle.com\/en\/?s={search_term_string}"},"query-input":{"@type":"PropertyValueSpecification","valueRequired":true,"valueName":"search_term_string"}}],"inLanguage":"en-US"},{"@type":"Organization","@id":"https:\/\/arjolle.com\/en\/#organization","name":"Domaine de l'Arjolle","url":"https:\/\/arjolle.com\/en\/","logo":{"@type":"ImageObject","inLanguage":"en-US","@id":"https:\/\/arjolle.com\/en\/#\/schema\/logo\/image\/","url":"https:\/\/arjolle.com\/wp-content\/uploads\/2025\/11\/logo-domaine-arjolle-1-1.jpg","contentUrl":"https:\/\/arjolle.com\/wp-content\/uploads\/2025\/11\/logo-domaine-arjolle-1-1.jpg","width":512,"height":512,"caption":"Domaine de l'Arjolle"},"image":{"@id":"https:\/\/arjolle.com\/en\/#\/schema\/logo\/image\/"},"sameAs":["https:\/\/www.facebook.com\/domainede.larjolle\/","https:\/\/www.instagram.com\/domaine_arjolle\/"]}]}},"_links":{"self":[{"href":"https:\/\/arjolle.com\/en\/wp-json\/wp\/v2\/pages\/224675","targetHints":{"allow":["GET"]}}],"collection":[{"href":"https:\/\/arjolle.com\/en\/wp-json\/wp\/v2\/pages"}],"about":[{"href":"https:\/\/arjolle.com\/en\/wp-json\/wp\/v2\/types\/page"}],"author":[{"embeddable":true,"href":"https:\/\/arjolle.com\/en\/wp-json\/wp\/v2\/users\/3"}],"replies":[{"embeddable":true,"href":"https:\/\/arjolle.com\/en\/wp-json\/wp\/v2\/comments?post=224675"}],"version-history":[{"count":4,"href":"https:\/\/arjolle.com\/en\/wp-json\/wp\/v2\/pages\/224675\/revisions"}],"predecessor-version":[{"id":224824,"href":"https:\/\/arjolle.com\/en\/wp-json\/wp\/v2\/pages\/224675\/revisions\/224824"}],"wp:featuredmedia":[{"embeddable":true,"href":"https:\/\/arjolle.com\/en\/wp-json\/wp\/v2\/media\/224133"}],"wp:attachment":[{"href":"https:\/\/arjolle.com\/en\/wp-json\/wp\/v2\/media?parent=224675"}],"curies":[{"name":"wp","href":"https:\/\/api.w.org\/{rel}","templated":true}]}}